{"id":624,"date":"2025-09-23T10:06:41","date_gmt":"2025-09-23T08:06:41","guid":{"rendered":"https:\/\/shop.podereema.it\/?page_id=624"},"modified":"2026-01-07T18:07:13","modified_gmt":"2026-01-07T17:07:13","slug":"privacy-policy","status":"publish","type":"page","link":"https:\/\/shop.podereema.it\/it\/privacy-policy\/","title":{"rendered":"Privacy Policy"},"content":{"rendered":"<h1>Privacy Policy<\/h1>\n\n\n<h2 class=\"wp-block-heading\"><strong>INFORMATIVA EX ARTT. 13-14 REG. UE N. 2016\/679 PER IL TRATTAMENTO DEI DATI PERSONALI<\/strong><\/h2>\n\n\n\n<p>Gentile navigatore,<br>Podere Ema con la presente, la informa che, ai sensi e per gli effetti degli articoli 13 e 14 del Regolamento Europeo n. 2016\/679 GDPR, i dati acquisiti e\/o da Lei forniti, saranno oggetto di trattamento nel rispetto delle normative sotto richiamate.<\/p>\n\n\n\n<p><img decoding=\"async\" src=\"https:\/\/test2.acconsento.click\/images\/privacy-policy\/roles.png\" alt=\"\" width=\"34\" height=\"40\">&nbsp;<strong>RUOLI<\/strong><\/p>\n\n\n\n<p>Il Titolare del Trattamento \u00e8: Podere Ema , Strada regionale 222 Chiantigiana, 339 Bagno a Ripoli 50012 FI , cantina@podereema.it<\/p>\n\n\n\n<p><img decoding=\"async\" src=\"https:\/\/test2.acconsento.click\/images\/privacy-policy\/mandatory_treatments.png\" alt=\"\" width=\"39\" height=\"27\">&nbsp;<strong>FINALIT\u00c0 DEI TRATTAMENTI OBBLIGATORI<\/strong><\/p>\n\n\n\n<p><strong>Trattamento dei dati personali per la registrazione<\/strong><\/p>\n\n\n\n<p>Le informazioni obbligatorie richieste per la registrazione sono evidenziate nel rispettivo campo di input. Se non si forniscono tali informazioni obbligatorie, non si potr\u00e0 procedere con la registrazione. Durante il processo di registrazione si ha la possibilit\u00e0 di fornire ulteriori informazioni su base volontaria, tali informazioni non sono obbligatorie e l&#8217;invio \u00e8 a vostra discrezione.<br>I dati personali che fornir\u00e0 durante la registrazione verranno utilizzati da noi per creare il Suo profilo e identificarla in seguito a ogni accesso.<br>La base giuridica applicabile per queste operazioni di trattamento dei dati \u00e8 l&#8217;articolo 6, paragrafo 1, lettera b) del GDPR. Eseguiremo tutto il processo di trattamento dei dati descritto in questa sezione, in base al Suo consenso e\/o per rispettare il nostro contratto stipulato con Lei e\/o in base ai nostri interessi legittimi.<\/p>\n\n\n\n<p><strong>Trattamento dei dati personali per finalit\u00e0 di e-commerce<\/strong><\/p>\n\n\n\n<p>I dati personali forniti dall&#8217;utente durante la finalizzazione dell&#8217;ordine saranno utilizzati per l&#8217;esecuzione e l&#8217;elaborazione dell&#8217;ordine e delle transazioni di pagamento effettuati tramite il negozio online.<br>In caso di pagamento con carta di credito, verranno raccolti anche il numero della carta, la data di scadenza, il nome del titolare e il numero di verifica (CVC).<br>La base giuridica applicabile per queste operazioni di trattamento dei dati \u00e8 l&#8217;articolo 6, paragrafo 1, lettera b) del GDPR. Al fine di elaborare le transazioni di pagamento, potremmo trasmettere i dati rilevanti al fornitore di servizi di riscossione da noi incaricato, che elaborer\u00e0 questi dati per conto nostro e solo per l&#8217;elaborazione dei pagamenti.<br>Conserveremo le informazioni relative a ciascun acquisto effettuato sul e-commerce per 10 anni, per adempiere ad obblighi di legge in materia fiscale e di conservazione dei documenti aziendali.<br>I dati personali contenuti nel Suo account saranno conservati fino a quando Lei non avr\u00e0 deciso di chiudere il suo account.<\/p>\n\n\n\n<p><img decoding=\"async\" src=\"https:\/\/test2.acconsento.click\/images\/privacy-policy\/optional_treatments.png\" alt=\"\" width=\"50\" height=\"41\">&nbsp;<strong>FINALIT\u00c0 DEI TRATTAMENTI NON OBBLIGATORI<\/strong><\/p>\n\n\n\n<p><strong>Trattamento dei dati personali per la profilazione<\/strong><\/p>\n\n\n\n<p>Con il Suo consenso libero e facoltativo (articolo 6, paragrafo 1, lettera a) del GDPR), esprimibile selezionando l&#8217;apposita casella di consenso sul sito web, Podere Ema tratter\u00e0 i suoi dati personali per finalit\u00e0 di profilazione, al fine di poterle inviare comunicazioni promozionali personalizzate e coerenti con il Suo profilo, per effettuare analisi ed elaborazioni statistiche in merito alle Sue caratteristiche personali per attivit\u00e0 di &#8220;clusterizzazione&#8221;, ovvero per la creazione &#8220;target group&#8221; per analisi interne e di monitoraggio sull&#8217;andamento del mercato e dei consumi, per la creazione di nuovi &#8220;cluster&#8221; di utenti sulla base di abitudini similari di navigazione e interessi. In caso di mancato consenso al trattamento dei Suoi dati personali per finalit\u00e0 di profilazione, la possibilit\u00e0 di navigare sul sito web e di beneficiare delle relative funzionalit\u00e0 non sar\u00e0 in alcun modo compromessa n\u00e8 Lei subir\u00e0 alcun&#8217;altra conseguenza pregiudizievole. Potr\u00e0 in ogni caso liberamente e gratuitamente revocare il Suo consenso al trattamento dei Suoi dati personali per finalit\u00e0 di profilazione in qualsiasi momento, facendocene richiesta nell&#8217;apposita sezione contatti.<\/p>\n\n\n\n<p><strong>Trattamento dei dati personali per il marketing<\/strong><\/p>\n\n\n\n<p>Con il Suo libero e facoltativo consenso (ai sensi dell&#8217;articolo 6, paragrafo 1, lettera a) del GDPR), tratteremo i Suoi dati personali per finalit\u00e0 di marketing, che includono la vendita diretta, l&#8217;invio di materiale pubblicitario, l&#8217;esecuzione di ricerche di mercato, la comunicazione commerciale e la valutazione del grado di soddisfazione della clientela. Invieremo informazioni e offerte relative ai prodotti e servizi di Podere Ema che riteniamo possano interessarLe tramite posta, e-mail, SMS, fax, telefono fisso\/mobile con o senza operatore, WhatsApp o social media (come, ad esempio, Facebook, Instagram e Twitter).<br>Il consenso al trattamento dei Suoi dati personali per finalit\u00e0 di marketing \u00e8 libero e facoltativo. In caso di mancato consenso, non subir\u00e0 alcuna conseguenza pregiudizievole. Pu\u00f2 revocare il Suo consenso al trattamento dei dati per finalit\u00e0 di marketing in qualsiasi momento e gratuitamente, senza alcuna conseguenza, utilizzando le modalit\u00e0 indicate nella sezione apposita. Pu\u00f2 inoltre scegliere di revocare il consenso in maniera selettiva, specificando quali modalit\u00e0 di contatto non desidera pi\u00f9 ricevere.<br>La preghiamo quindi di comunicarci se desidera acconsentire al trattamento dei Suoi dati personali per finalit\u00e0 di marketing e di selezionare l&#8217;apposita casella di richiesta di consenso.<\/p>\n\n\n\n<p><strong>Altri trattamenti<\/strong><\/p>\n\n\n\n<p>In tutti gli altri casi in cui Lei ci fornisca dati personali in qualsiasi altra modalit\u00e0, ci\u00f2 avverr\u00e0 sempre su base volontaria. Le Sue informazioni saranno trattate da noi per elaborare la Sua richiesta in conformit\u00e0 con l&#8217;articolo 6, paragrafo 1, lettera b) (se la Sua richiesta si riferisce ad un possibile contratto da stipulare con noi o ad un contratto gi\u00e0 stipulato con noi) o f) del GDPR (per ogni altro tipo di richiesta) e in questo contesto possono anche essere trasmessi a terzi solo allo scopo di evadere la sua richiesta.<\/p>\n\n\n\n<p><img loading=\"lazy\" decoding=\"async\" src=\"https:\/\/test2.acconsento.click\/images\/privacy-policy\/treatment_modality.png\" alt=\"\" width=\"57\" height=\"42\">&nbsp;<strong>MODALIT\u00c0 DI TRATTAMENTO<\/strong><\/p>\n\n\n\n<p>Il trattamento consiste, ad esempio, in operazioni di raccolta, registrazione, organizzazione, conservazione, estrazione, consultazione, uso, comunicazione, cancellazione dei dati personali. Esso viene effettuato, per le finalit\u00e0 suddette, secondo i principi (ex art. 5 del GDPR n. 2016\/679) di liceit\u00e0, correttezza, trasparenza, minimizzazione dei dati ed esattezza. I dati sono trattati con modalit\u00e0 telefoniche, cartacee, informatiche e telematiche. Il trattamento avviene mediante strumenti idonei, misure tecniche ed organizzative adeguate a garantire la sicurezza, l&#8217;integrit\u00e0 e la riservatezza, evitando in particolare il rischio di perdita, accesso non autorizzato, uso illecito, diffusione, nel rispetto di quanto previsto anche dall&#8217;art. 32 del GDPR n. 2016\/679, ad opera dei soggetti e in ottemperanza alle previsioni di cui all&#8217;art. 29 del GDPR n. 2016\/679 ed all&#8217;art. 2-quaterdecies del Codice Privacy.<\/p>\n\n\n\n<p><img loading=\"lazy\" decoding=\"async\" src=\"https:\/\/test2.acconsento.click\/images\/privacy-policy\/data_provision_nature.png\" alt=\"\" width=\"57\" height=\"45\">&nbsp;<strong>NATURA DEL CONFERIMENTO DEI DATI E CONSEGUENZE DEL RIFIUTO DI RISPONDERE<\/strong><\/p>\n\n\n\n<p>Il conferimento dei dati per le finalit\u00e0 obbligatorie non richiede il consenso esplicito. Senza tali dati, non saremo in grado di fornire i nostri servizi. Il conferimento dei dati per altre finalit\u00e0 \u00e8 facoltativo e richiede il Suo esplicito consenso. In caso di mancato consenso, non potr\u00e0 ricevere newsletter, materiale informativo o comunicazioni commerciali riguardanti i servizi offerti dal Titolare o da aziende terze. Tuttavia, continuer\u00e0 comunque ad avere accesso ai nostri servizi.<br>Trattiamo le sue informazioni personali solo quando esiste una base giuridica per tale trattamento. Le basi giuridiche includono:<\/p>\n\n\n\n<ul class=\"wp-block-list\">\n<li>Il Suo consenso alle attivit\u00e0 di trattamento in questione<\/li>\n\n\n\n<li>Il rispetto degli obblighi di legge che siamo tenuti a soddisfare<\/li>\n\n\n\n<li>L&#8217;esecuzione di norme dettate da leggi o regolamenti, o da contratti, accordi o altri strumenti giuridici<\/li>\n\n\n\n<li>Studi condotti da enti di ricerca, preferibilmente su informazioni personali anonimizzate<\/li>\n\n\n\n<li>L&#8217;esecuzione di un contratto e dei relativi adempimenti precontrattuali, se Lei \u00e8 parte di tale contratto<\/li>\n\n\n\n<li>L&#8217;esercizio dei nostri diritti in giudizio, in procedimenti amministrativi o in arbitrati<\/li>\n\n\n\n<li>La difesa o la protezione dell&#8217;incolumit\u00e0 fisica Sua o di un terzo<\/li>\n\n\n\n<li>La tutela della salute, nel contesto di procedure messe in atto da entit\u00e0 o professionisti del settore sanitario<\/li>\n\n\n\n<li>Il nostro legittimo interesse, purch\u00e9 i Suoi diritti e le Sue libert\u00e0 fondamentali non prevalgano su tali interessi<\/li>\n\n\n\n<li>La protezione del credito.<\/li>\n<\/ul>\n\n\n\n<p><img loading=\"lazy\" decoding=\"async\" src=\"https:\/\/test2.acconsento.click\/images\/privacy-policy\/data_access.png\" alt=\"\" width=\"41\" height=\"33\">&nbsp;<strong>ACCESSO AI DATI<\/strong><\/p>\n\n\n\n<p>I Suoi dati potranno essere resi accessibili per le finalit\u00e0 di cui sotto:<\/p>\n\n\n\n<ul class=\"wp-block-list\">\n<li>Ai dipendenti e collaboratori del Titolare nella loro qualit\u00e0 di incaricati del trattamento e\/o amministratori di sistema;<\/li>\n\n\n\n<li>A societ\u00e0 terze o altri soggetti (a titolo indicativo: studi professionali, consulenti, software house che forniscono i gestionali, istituti di credito, assicurazioni, ecc.) che svolgono attivit\u00e0 in outsourcing per conto del Titolare, nella loro qualit\u00e0 di responsabili esterni del trattamento.<\/li>\n<\/ul>\n\n\n\n<p>Tra i Dati Personali raccolti da questo Sito Web, in modo autonomo o tramite terze parti, ci sono: Strumenti di Tracciamento; Dati di Utilizzo; nome; email; sito web; identificatori univoci di dispositivi per la pubblicit\u00e0 (Google Advertiser ID o identificatore IDFA, per esempio); numero di Utenti; citt\u00e0; informazioni sul dispositivo; statistiche delle sessioni; informazioni sul browser; risposte alle domande; clic; eventi keypress; eventi relativi ai sensori di movimento; movimenti del mouse; posizione relativa allo scorrimento; eventi touch.<\/p>\n\n\n\n<p><img loading=\"lazy\" decoding=\"async\" src=\"https:\/\/test2.acconsento.click\/images\/privacy-policy\/data_communication.png\" alt=\"\" width=\"50\" height=\"37\">&nbsp;<strong>COMUNICAZIONE DEI DATI<\/strong><\/p>\n\n\n\n<p>Il Titolare potr\u00e0 comunicare i Suoi dati alla Pubblica Amministrazione, agli Organismi di Vigilanza e\/o alle Autorit\u00e0 Giudiziarie, nonch\u00e9 a tutti gli altri soggetti ai quali la comunicazione sia obbligatoria o necessaria per legge. I Suoi dati non saranno diffusi.<\/p>\n\n\n\n<p><img loading=\"lazy\" decoding=\"async\" src=\"https:\/\/test2.acconsento.click\/images\/privacy-policy\/data_transfer_outside_eu.png\" alt=\"\" width=\"56\" height=\"29\">&nbsp;<strong>TRASFERIMENTO DI DATI IN PAESI TERZI<\/strong><\/p>\n\n\n\n<p>I suoi dati sono stati trasmessi a un Responsabile esterno la cui sede o luogo di trattamento dei dati non si trova in uno Stato membro dell&#8217;Unione Europea. Prima del trasferimento, ci siamo assicurati che il destinatario garantisse un livello adeguato di protezione dei dati attraverso una decisione di adeguatezza della Commissione Europea di cui all&#8217;articolo 45 del GDPR, mediante adeguate salvaguardie quali l&#8217;autocertificazione del beneficiario ai sensi dell&#8217;articolo 45 del GDPR e mediante la stipula delle cosiddette clausole contrattuali standard UE con l&#8217;importatore dei dati, ai sensi dell&#8217;articolo 46, paragrafo 2, lettera c) del GDPR, oppure Lei abbia espresso il Suo consenso a tale trasferimento di dati ai sensi dell&#8217;art. 49, paragrafo 1, lettera a) del GDPR.<\/p>\n\n\n\n<p><img loading=\"lazy\" decoding=\"async\" src=\"https:\/\/test2.acconsento.click\/images\/privacy-policy\/data_retention.png\" alt=\"\" width=\"30\" height=\"29\">&nbsp;<strong>CONSERVAZIONE DEI DATI<\/strong><\/p>\n\n\n\n<p>Tutti i dati personali conferiti saranno trattati nel rispetto dei principi di liceit\u00e0, correttezza, pertinenza e proporzionalit\u00e0, esclusivamente con le modalit\u00e0 necessarie, anche informatiche e telematiche, per perseguire le finalit\u00e0 sopra descritte. I dati personali saranno conservati per un periodo di 6 anni successivi all&#8217;ultimo contatto avvenuto con l&#8217;interessato\/a o fino a richiesta di cancellazione da parte dello stesso. In tal caso, potranno essere comunque conservati i dati correlati al legittimo interesse del titolare o necessari per l&#8217;adempimento di obblighi di legge. Si evidenzia che i sistemi informativi impiegati per la gestione delle informazioni raccolte sono configurati, sin dall&#8217;origine, in modo da minimizzare l&#8217;utilizzo dei dati personali.<\/p>\n\n\n\n<p><img loading=\"lazy\" decoding=\"async\" src=\"https:\/\/test2.acconsento.click\/images\/privacy-policy\/data_subject_rights.png\" alt=\"\" width=\"31\" height=\"35\">&nbsp;<strong>DIRITTI DELL&#8217;INTERESSATO<\/strong><\/p>\n\n\n\n<p>Nella sua qualit\u00e0 di interessato, ha i diritti di cui all &#8216;art. 15 ss ed art. 77 del GDPR, e precisamente i diritti di:<\/p>\n\n\n\n<ul class=\"wp-block-list\">\n<li>Ottenere dal titolare del trattamento la conferma che sia o meno in corso un trattamento di dati personali che lo riguardano e, in tal caso, di ottenere l &#8216;accesso ai dati personali e alle seguenti informazioni: le finalit\u00e0 del trattamento; le categorie di dati personali in questione; i destinatari o le categorie di destinatari a cui i dati personali sono stati o saranno comunicati, in particolare se destinatari di paesi terzi o organizzazioni internazionali; quando possibile, il periodo di conservazione dei dati personali previsto oppure, se non \u00e8 possibile, i criteri utilizzati per determinare tale periodo; qualora i dati non siano raccolti presso l &#8216;interessato, tutte le informazioni disponibili sulla loro origine; l &#8216;esistenza di un processo decisionale automatizzato, compresa la profilazione, e, almeno in tali casi, informazioni significative sulla logica utilizzata, nonch\u00e9 l &#8216;importanza e le conseguenze previste di tale trattamento per l &#8216;interessato;<\/li>\n\n\n\n<li>Ottenere dal titolare del trattamento la rettifica dei dati personali inesatti che lo riguardano senza ingiustificato ritardo. Tenuto conto delle finalit\u00e0 del trattamento, l &#8216;interessato ha il diritto di ottenere l &#8216;integrazione dei dati personali incompleti, anche fornendo una dichiarazione integrativa;<\/li>\n\n\n\n<li>Ottenere dal titolare del trattamento informazioni relative ai dati personali che lo riguardano senza ingiustificato ritardo, se sussiste uno dei motivi seguenti: i dati personali non sono pi\u00f9 necessari rispetto alle finalit\u00e0 per le quali sono stati raccolti o altrimenti trattati; l &#8216;interessato revoca il consenso su cui si basa il trattamento conformemente all &#8216;articolo 6, paragrafo 1, lettera a), o all &#8216;articolo 9, paragrafo 2, lettera a), e se non sussiste altro fondamento giuridico per il trattamento; l &#8216;interessato si oppone al trattamento ai sensi dell &#8216;articolo 21, paragrafo 1, e non sussiste alcun motivo legittimo prevalente per procedere al trattamento, oppure si oppone al trattamento ai sensi dell &#8216;articolo 21, paragrafo 2; i dati personali sono stati trattati illecitamente; i dati personali devono essere cancellati per adempiere un obbligo legale previsto dal diritto dell &#8216;Unione o dello Stato membro cui \u00e8 soggetto il titolare del trattamento;<\/li>\n\n\n\n<li>Ottenere dal titolare del trattamento la limitazione del trattamento quando ricorre una delle seguenti ipotesi: l &#8216;interessato contesta l &#8216;esattezza dei dati personali, per il periodo necessario al titolare del trattamento per verificare l &#8216;esattezza di tali dati personali; il trattamento \u00e8 illecito e l &#8216;interessato si oppone alla cancellazione dei dati personali e chiede invece che ne sia limitato l &#8216;utilizzo; bench\u00e9 il titolare del trattamento non ne abbia pi\u00f9 bisogno ai fini del trattamento, i dati personali sono necessari all &#8216;interessato per l &#8216;accertamento, l &#8216;esercizio o la difesa di un diritto in sede giudiziaria; l &#8216;interessato si \u00e8 opposto al trattamento ai sensi dell &#8216;articolo 21, paragrafo 1, in attesa della verifica in merito all &#8216;eventuale prevalenza dei motivi legittimi del titolare del trattamento rispetto a quelli dell &#8216;interessato;<\/li>\n\n\n\n<li>Ricevere in un formato strutturato, di uso comune e leggibile da dispositivo automatico i dati personali che lo riguardano forniti a un titolare del trattamento e trasmettere tali dati a un altro titolare del trattamento senza impedimenti da parte del titolare del trattamento cui li ha forniti qualora il trattamento sia effettuato con mezzi digitali. Nell &#8216;esercitare i propri diritti relativamente alla portabilit\u00e0 dei dati, l &#8216;interessato ha il diritto di ottenere la trasmissione diretta dei dati personali da un titolare del trattamento all &#8216;altro, se tecnicamente fattibile;<\/li>\n\n\n\n<li>Opporsi in qualsiasi momento, per motivi connessi alla sua situazione particolare, al trattamento dei dati personali che lo riguardano ai sensi dell &#8216;articolo 6, paragrafo 1, lettere e) o f), compresa la profilazione sulla base di tali disposizioni. Qualora i dati personali siano trattati per finalit\u00e0 di marketing diretto, l &#8216;interessato ha il diritto di opporsi in qualsiasi momento al trattamento dei dati personali che lo riguardano effettuato per tali finalit\u00e0, compresa la profilazione nella misura in cui sia connessa a tale marketing;<\/li>\n\n\n\n<li>Diritto di non essere sottoposto a una decisione basata unicamente sul trattamento automatizzato, compresa la profilazione, che produca effetti giuridici che lo riguardano o che incida in modo analogo significativamente sulla sua persona;<\/li>\n\n\n\n<li>Diritto di proporre reclamo a un &#8216;autorit\u00e0 di controllo ai sensi dell &#8216;art. 77.<\/li>\n<\/ul>\n\n\n\n<p><img loading=\"lazy\" decoding=\"async\" src=\"https:\/\/test2.acconsento.click\/images\/privacy-policy\/exercise_of_rights.png\" alt=\"\" width=\"44\" height=\"32\">&nbsp;<strong>MODALIT\u00c0 DI ESERCIZIO DEI DIRITTI<\/strong><\/p>\n\n\n\n<p>Potr\u00e0 in qualsiasi momento esercitare i diritti contattando il Titolare al seguente indirizzo e-mail: cantina@podereema.it<\/p>\n\n\n\n<p><img loading=\"lazy\" decoding=\"async\" src=\"https:\/\/test2.acconsento.click\/images\/privacy-policy\/external_processors_delegates.png\" alt=\"\" width=\"54\" height=\"49\">&nbsp;<strong>RESPONSABILI ESTERNI E INCARICATI<\/strong><\/p>\n\n\n\n<p>L&#8217;elenco aggiornato dei responsabili esterni e degli incaricati al trattamento \u00e8 custodito presso la sede legale del Titolare del trattamento<\/p>\n\n\n\n<p><img loading=\"lazy\" decoding=\"async\" src=\"https:\/\/test2.acconsento.click\/images\/privacy-policy\/current_policy_update.png\" alt=\"\" width=\"54\" height=\"46\">&nbsp;<strong>MODIFICA DELL&#8217;ATTUALE INFORMATIVA<\/strong><\/p>\n\n\n\n<p>La presente informativa \u00e8 stata redatta il giorno 07-04-2025 e potrebbe subire variazioni nel tempo anche in funzione delle integrazioni o modifiche legislative e regolamentari in materia. L&#8217;Interessato \u00e8 invitato a consultare spesso questa pagina.<\/p>\n\n\n\n<p><a href=\"https:\/\/www.garanteprivacy.it\/web\/guest\/home\/docweb\/-\/docweb-display\/docweb\/9732629\" rel=\"noreferrer noopener\" target=\"_blank\">Icone<\/a>&nbsp;di&nbsp;<a href=\"https:\/\/www.athlantic.it\/\" rel=\"noreferrer noopener\" target=\"_blank\">Athlantic S.r.l.<\/a>&nbsp;concesso su licenza&nbsp;<a href=\"https:\/\/creativecommons.org\/licenses\/by\/4.0\/\" rel=\"noreferrer noopener\" target=\"_blank\">CC BY 4.0<\/a>. Utilizzo libero senza cancellare questa menzione<\/p>\n","protected":false},"excerpt":{"rendered":"<p>Privacy Policy INFORMATIVA EX ARTT. 13-14 REG. UE N. 2016\/679 PER IL TRATTAMENTO DEI DATI PERSONALI Gentile navigatore,Podere Ema con la presente, la informa che, ai sensi e per gli effetti degli articoli 13 e 14 del Regolamento Europeo n. 2016\/679 GDPR, i dati acquisiti e\/o da Lei forniti, saranno oggetto di trattamento nel rispetto [&hellip;]<\/p>\n","protected":false},"author":1,"featured_media":0,"parent":0,"menu_order":0,"comment_status":"closed","ping_status":"closed","template":"","meta":{"footnotes":""},"class_list":["post-624","page","type-page","status-publish","hentry"],"_links":{"self":[{"href":"https:\/\/shop.podereema.it\/it\/wp-json\/wp\/v2\/pages\/624","targetHints":{"allow":["GET"]}}],"collection":[{"href":"https:\/\/shop.podereema.it\/it\/wp-json\/wp\/v2\/pages"}],"about":[{"href":"https:\/\/shop.podereema.it\/it\/wp-json\/wp\/v2\/types\/page"}],"author":[{"embeddable":true,"href":"https:\/\/shop.podereema.it\/it\/wp-json\/wp\/v2\/users\/1"}],"replies":[{"embeddable":true,"href":"https:\/\/shop.podereema.it\/it\/wp-json\/wp\/v2\/comments?post=624"}],"version-history":[{"count":1,"href":"https:\/\/shop.podereema.it\/it\/wp-json\/wp\/v2\/pages\/624\/revisions"}],"predecessor-version":[{"id":625,"href":"https:\/\/shop.podereema.it\/it\/wp-json\/wp\/v2\/pages\/624\/revisions\/625"}],"wp:attachment":[{"href":"https:\/\/shop.podereema.it\/it\/wp-json\/wp\/v2\/media?parent=624"}],"curies":[{"name":"wp","href":"https:\/\/api.w.org\/{rel}","templated":true}]}}